{"id":1385,"date":"2024-05-03T03:58:30","date_gmt":"2024-05-03T03:58:30","guid":{"rendered":"https:\/\/cfbholding.com\/employment-oppurtunities\/"},"modified":"2025-03-24T20:08:21","modified_gmt":"2025-03-24T20:08:21","slug":"karrierechancen","status":"publish","type":"page","link":"https:\/\/cfbholding.com\/de\/karrierechancen\/","title":{"rendered":"Karrierechancen"},"content":{"rendered":"\n<h3 class=\"wp-block-heading\"><\/h3>\n\n\n\n<p>Wir setzen auf lokale Rekrutierung, um die wirtschaftliche Entwicklung in den Regionen zu f\u00f6rdern, in denen wir t\u00e4tig sind.<\/p>\n\n\n\n<hr class=\"wp-block-separator has-alpha-channel-opacity\"\/>\n\n\n\n<h2 class=\"wp-block-heading has-medium-font-size\"><strong>Karrierechancen bei <a href=\"https:\/\/cfbholding.com\/de\/about-us\/\">CFB Holding Ltd<\/a><\/strong><\/h2>\n\n\n\n<p>Bei CFB Holding Ltd bauen wir nicht nur Unternehmen auf \u2013 wir gestalten Zukunft. Unser Portfolio reicht von Immobilien \u00fcber Landwirtschaft und Bildung bis hin zu wirkungsorientierten Projekten und w\u00e4chst stetig weiter. Wir suchen kontinuierlich nach zukunftsorientierten Denker<em>innen, Gestalter<\/em>innen und engagierten Fachkr\u00e4ften, die Teil von Afrikas Wandel sein m\u00f6chten.<\/p>\n\n\n\n<hr class=\"wp-block-separator has-alpha-channel-opacity\"\/>\n\n\n\n<h2 class=\"wp-block-heading has-medium-font-size\"><strong>Warum bei uns arbeiten?<\/strong><\/h2>\n\n\n\n<p><a href=\"https:\/\/cfbholding.com\/de\/about-us\/\">CFB Holding Ltd<\/a> ist mehr als nur ein Unternehmen \u2013 es ist eine Bewegung. Unsere Wurzeln liegen im Immobilienbereich, doch unsere Vision reicht weit dar\u00fcber hinaus: Landwirtschaft, Bildung, Gesundheitswesen, Produktion und Einzelhandel. Wir bieten vielf\u00e4ltige Karrierewege f\u00fcr alle, die ihrer Arbeit mehr Bedeutung verleihen m\u00f6chten.<\/p>\n\n\n\n<p>Unsere Werte basieren auf:<\/p>\n\n\n\n<ul class=\"wp-block-list\">\n<li>Integrit\u00e4t und Exzellenz<\/li>\n\n\n\n<li>Nachhaltige Entwicklung<\/li>\n\n\n\n<li>Inklusives Wachstum<\/li>\n\n\n\n<li>Sinnvolle Innovation<\/li>\n\n\n\n<li>St\u00e4rkung der Gemeinschaften<\/li>\n<\/ul>\n\n\n\n<p>Ob erfahrene Fachkraft oder aufstrebende*r Changemaker \u2013 wir bauen Teams auf, die unsere vielf\u00e4ltigen Ambitionen widerspiegeln.<\/p>\n\n\n\n<hr class=\"wp-block-separator has-alpha-channel-opacity\"\/>\n\n\n\n<h2 class=\"wp-block-heading has-medium-font-size\"><strong>Aktuelle Stellenangebote<\/strong><\/h2>\n\n\n\n<p>Wir aktualisieren regelm\u00e4\u00dfig unsere offenen Positionen in verschiedenen Abteilungen.<br>Besuchen Sie unsere <a href=\"https:\/\/cfbholding.com\/de\/career\/\">Karriereseite<\/a>, um aktuelle Stellen, Anforderungen und Bewerbungsfristen zu entdecken.<\/p>\n\n\n\n<hr class=\"wp-block-separator has-alpha-channel-opacity\"\/>\n\n\n\n<h2 class=\"wp-block-heading has-medium-font-size\"><strong>Vielf\u00e4ltige Branchen. Eine gemeinsame Mission.<\/strong><\/h2>\n\n\n\n<p>Unser Portfolio umfasst zahlreiche Sektoren \u2013 jedes Projekt tr\u00e4gt zu unserer langfristigen Vision bei: Ein wohlhabendes, nachhaltiges und gest\u00e4rktes Afrika.<br>Erfahren Sie mehr \u00fcber unsere sich entwickelnden Gesch\u00e4ftsbereiche auf unserer <a href=\"https:\/\/cfbholding.com\/de\/portfolio\/\">Portfolio<\/a>-Seite.<\/p>\n\n\n\n<hr class=\"wp-block-separator has-alpha-channel-opacity\"\/>\n\n\n\n<h3 class=\"wp-block-heading has-medium-font-size\"><strong>Bereit, Ihre Reise mit uns zu beginnen?<\/strong><\/h3>\n\n\n\n<p>Alle <a href=\"https:\/\/cfbholding.com\/de\/career\/\">Stellenangebote<\/a> ansehen<\/p>\n\n\n\n<p><\/p>\n","protected":false},"excerpt":{"rendered":"<p>Wir setzen auf lokale Rekrutierung, um die wirtschaftliche Entwicklung in den Regionen zu f\u00f6rdern, in denen wir t\u00e4tig sind. Karrierechancen bei CFB Holding Ltd Bei CFB Holding Ltd bauen wir nicht nur Unternehmen auf \u2013 wir gestalten Zukunft. Unser Portfolio reicht von Immobilien \u00fcber Landwirtschaft und Bildung bis hin zu wirkungsorientierten Projekten und w\u00e4chst stetig [&hellip;]<\/p>\n","protected":false},"author":1,"featured_media":717,"parent":0,"menu_order":0,"comment_status":"closed","ping_status":"closed","template":"","meta":{"_acf_changed":false,"footnotes":""},"class_list":["post-1385","page","type-page","status-publish","has-post-thumbnail","hentry"],"acf":[],"yoast_head":"<!-- This site is optimized with the Yoast SEO Premium plugin v27.2 (Yoast SEO v27.5) - https:\/\/yoast.com\/product\/yoast-seo-premium-wordpress\/ -->\n<title>Karrierechancen bei CFB Holding Ltd | Werden Sie Teil eines engagierten Teams<\/title>\n<meta name=\"description\" content=\"Entdecken Sie Karrierechancen bei CFB Holding Ltd in den Bereichen Immobilien, Landwirtschaft, Bildung und mehr. Besuchen Sie unsere Karriereseite, um aktuelle Stellenangebote zu sehen, und gestalten Sie Afrikas Zukunft aktiv mit.\" \/>\n<meta name=\"robots\" content=\"index, follow, max-snippet:-1, max-image-preview:large, max-video-preview:-1\" \/>\n<link rel=\"canonical\" href=\"https:\/\/cfbholding.com\/de\/karrierechancen\/\" \/>\n<meta property=\"og:locale\" content=\"de_DE\" \/>\n<meta property=\"og:type\" content=\"article\" \/>\n<meta property=\"og:title\" content=\"Karrierechancen\" \/>\n<meta property=\"og:description\" content=\"Entdecken Sie Karrierechancen bei CFB Holding Ltd in den Bereichen Immobilien, Landwirtschaft, Bildung und mehr. Besuchen Sie unsere Karriereseite, um aktuelle Stellenangebote zu sehen, und gestalten Sie Afrikas Zukunft aktiv mit.\" \/>\n<meta property=\"og:url\" content=\"https:\/\/cfbholding.com\/de\/karrierechancen\/\" \/>\n<meta property=\"og:site_name\" content=\"CFB-Holding\" \/>\n<meta property=\"article:publisher\" content=\"https:\/\/www.facebook.com\/people\/CFB-Holding-Ltd\/61555691876999\/\" \/>\n<meta property=\"article:modified_time\" content=\"2025-03-24T20:08:21+00:00\" \/>\n<meta property=\"og:image\" content=\"https:\/\/cfbholding.com\/wp-content\/uploads\/2024\/04\/banner-home.webp\" \/>\n\t<meta property=\"og:image:width\" content=\"1921\" \/>\n\t<meta property=\"og:image:height\" content=\"717\" \/>\n\t<meta property=\"og:image:type\" content=\"image\/webp\" \/>\n<meta name=\"twitter:card\" content=\"summary_large_image\" \/>\n<meta name=\"twitter:site\" content=\"@CfbHolding\" \/>\n<script type=\"application\/ld+json\" class=\"yoast-schema-graph\">{\"@context\":\"https:\\\/\\\/schema.org\",\"@graph\":[{\"@type\":\"WebPage\",\"@id\":\"https:\\\/\\\/cfbholding.com\\\/de\\\/karrierechancen\\\/\",\"url\":\"https:\\\/\\\/cfbholding.com\\\/de\\\/karrierechancen\\\/\",\"name\":\"Karrierechancen bei CFB Holding Ltd | Werden Sie Teil eines engagierten Teams\",\"isPartOf\":{\"@id\":\"https:\\\/\\\/cfbholding.com\\\/de\\\/#website\"},\"primaryImageOfPage\":{\"@id\":\"https:\\\/\\\/cfbholding.com\\\/de\\\/karrierechancen\\\/#primaryimage\"},\"image\":{\"@id\":\"https:\\\/\\\/cfbholding.com\\\/de\\\/karrierechancen\\\/#primaryimage\"},\"thumbnailUrl\":\"https:\\\/\\\/cfbholding.com\\\/wp-content\\\/uploads\\\/2024\\\/04\\\/banner-home.webp\",\"datePublished\":\"2024-05-03T03:58:30+00:00\",\"dateModified\":\"2025-03-24T20:08:21+00:00\",\"description\":\"Entdecken Sie Karrierechancen bei CFB Holding Ltd in den Bereichen Immobilien, Landwirtschaft, Bildung und mehr. Besuchen Sie unsere Karriereseite, um aktuelle Stellenangebote zu sehen, und gestalten Sie Afrikas Zukunft aktiv mit.\",\"breadcrumb\":{\"@id\":\"https:\\\/\\\/cfbholding.com\\\/de\\\/karrierechancen\\\/#breadcrumb\"},\"inLanguage\":\"de-DE\",\"potentialAction\":[{\"@type\":\"ReadAction\",\"target\":[\"https:\\\/\\\/cfbholding.com\\\/de\\\/karrierechancen\\\/\"]}]},{\"@type\":\"ImageObject\",\"inLanguage\":\"de-DE\",\"@id\":\"https:\\\/\\\/cfbholding.com\\\/de\\\/karrierechancen\\\/#primaryimage\",\"url\":\"https:\\\/\\\/cfbholding.com\\\/wp-content\\\/uploads\\\/2024\\\/04\\\/banner-home.webp\",\"contentUrl\":\"https:\\\/\\\/cfbholding.com\\\/wp-content\\\/uploads\\\/2024\\\/04\\\/banner-home.webp\",\"width\":1921,\"height\":717},{\"@type\":\"BreadcrumbList\",\"@id\":\"https:\\\/\\\/cfbholding.com\\\/de\\\/karrierechancen\\\/#breadcrumb\",\"itemListElement\":[{\"@type\":\"ListItem\",\"position\":1,\"name\":\"Home\",\"item\":\"https:\\\/\\\/cfbholding.com\\\/de\\\/\"},{\"@type\":\"ListItem\",\"position\":2,\"name\":\"Karrierechancen\"}]},{\"@type\":\"WebSite\",\"@id\":\"https:\\\/\\\/cfbholding.com\\\/de\\\/#website\",\"url\":\"https:\\\/\\\/cfbholding.com\\\/de\\\/\",\"name\":\"CFB-Holding\",\"description\":\"TRUTH - TRUST - TRANSPARENCY\",\"publisher\":{\"@id\":\"https:\\\/\\\/cfbholding.com\\\/de\\\/#organization\"},\"potentialAction\":[{\"@type\":\"SearchAction\",\"target\":{\"@type\":\"EntryPoint\",\"urlTemplate\":\"https:\\\/\\\/cfbholding.com\\\/de\\\/?s={search_term_string}\"},\"query-input\":{\"@type\":\"PropertyValueSpecification\",\"valueRequired\":true,\"valueName\":\"search_term_string\"}}],\"inLanguage\":\"de-DE\"},{\"@type\":\"Organization\",\"@id\":\"https:\\\/\\\/cfbholding.com\\\/de\\\/#organization\",\"name\":\"CFB-Holding Ltd\",\"url\":\"https:\\\/\\\/cfbholding.com\\\/de\\\/\",\"logo\":{\"@type\":\"ImageObject\",\"inLanguage\":\"de-DE\",\"@id\":\"https:\\\/\\\/cfbholding.com\\\/de\\\/#\\\/schema\\\/logo\\\/image\\\/\",\"url\":\"https:\\\/\\\/cfbholding.com\\\/wp-content\\\/uploads\\\/2025\\\/03\\\/logo.webp\",\"contentUrl\":\"https:\\\/\\\/cfbholding.com\\\/wp-content\\\/uploads\\\/2025\\\/03\\\/logo.webp\",\"width\":336,\"height\":81,\"caption\":\"CFB-Holding Ltd\"},\"image\":{\"@id\":\"https:\\\/\\\/cfbholding.com\\\/de\\\/#\\\/schema\\\/logo\\\/image\\\/\"},\"sameAs\":[\"https:\\\/\\\/www.facebook.com\\\/people\\\/CFB-Holding-Ltd\\\/61555691876999\\\/\",\"https:\\\/\\\/x.com\\\/CfbHolding\",\"https:\\\/\\\/www.linkedin.com\\\/company\\\/cfb-holding-ltd\\\/\",\"https:\\\/\\\/www.instagram.com\\\/cfbholdingltd\\\/\"]}]}<\/script>\n<!-- \/ Yoast SEO Premium plugin. -->","yoast_head_json":{"title":"Karrierechancen bei CFB Holding Ltd | Werden Sie Teil eines engagierten Teams","description":"Entdecken Sie Karrierechancen bei CFB Holding Ltd in den Bereichen Immobilien, Landwirtschaft, Bildung und mehr. Besuchen Sie unsere Karriereseite, um aktuelle Stellenangebote zu sehen, und gestalten Sie Afrikas Zukunft aktiv mit.","robots":{"index":"index","follow":"follow","max-snippet":"max-snippet:-1","max-image-preview":"max-image-preview:large","max-video-preview":"max-video-preview:-1"},"canonical":"https:\/\/cfbholding.com\/de\/karrierechancen\/","og_locale":"de_DE","og_type":"article","og_title":"Karrierechancen","og_description":"Entdecken Sie Karrierechancen bei CFB Holding Ltd in den Bereichen Immobilien, Landwirtschaft, Bildung und mehr. Besuchen Sie unsere Karriereseite, um aktuelle Stellenangebote zu sehen, und gestalten Sie Afrikas Zukunft aktiv mit.","og_url":"https:\/\/cfbholding.com\/de\/karrierechancen\/","og_site_name":"CFB-Holding","article_publisher":"https:\/\/www.facebook.com\/people\/CFB-Holding-Ltd\/61555691876999\/","article_modified_time":"2025-03-24T20:08:21+00:00","og_image":[{"width":1921,"height":717,"url":"https:\/\/cfbholding.com\/wp-content\/uploads\/2024\/04\/banner-home.webp","type":"image\/webp"}],"twitter_card":"summary_large_image","twitter_site":"@CfbHolding","schema":{"@context":"https:\/\/schema.org","@graph":[{"@type":"WebPage","@id":"https:\/\/cfbholding.com\/de\/karrierechancen\/","url":"https:\/\/cfbholding.com\/de\/karrierechancen\/","name":"Karrierechancen bei CFB Holding Ltd | Werden Sie Teil eines engagierten Teams","isPartOf":{"@id":"https:\/\/cfbholding.com\/de\/#website"},"primaryImageOfPage":{"@id":"https:\/\/cfbholding.com\/de\/karrierechancen\/#primaryimage"},"image":{"@id":"https:\/\/cfbholding.com\/de\/karrierechancen\/#primaryimage"},"thumbnailUrl":"https:\/\/cfbholding.com\/wp-content\/uploads\/2024\/04\/banner-home.webp","datePublished":"2024-05-03T03:58:30+00:00","dateModified":"2025-03-24T20:08:21+00:00","description":"Entdecken Sie Karrierechancen bei CFB Holding Ltd in den Bereichen Immobilien, Landwirtschaft, Bildung und mehr. Besuchen Sie unsere Karriereseite, um aktuelle Stellenangebote zu sehen, und gestalten Sie Afrikas Zukunft aktiv mit.","breadcrumb":{"@id":"https:\/\/cfbholding.com\/de\/karrierechancen\/#breadcrumb"},"inLanguage":"de-DE","potentialAction":[{"@type":"ReadAction","target":["https:\/\/cfbholding.com\/de\/karrierechancen\/"]}]},{"@type":"ImageObject","inLanguage":"de-DE","@id":"https:\/\/cfbholding.com\/de\/karrierechancen\/#primaryimage","url":"https:\/\/cfbholding.com\/wp-content\/uploads\/2024\/04\/banner-home.webp","contentUrl":"https:\/\/cfbholding.com\/wp-content\/uploads\/2024\/04\/banner-home.webp","width":1921,"height":717},{"@type":"BreadcrumbList","@id":"https:\/\/cfbholding.com\/de\/karrierechancen\/#breadcrumb","itemListElement":[{"@type":"ListItem","position":1,"name":"Home","item":"https:\/\/cfbholding.com\/de\/"},{"@type":"ListItem","position":2,"name":"Karrierechancen"}]},{"@type":"WebSite","@id":"https:\/\/cfbholding.com\/de\/#website","url":"https:\/\/cfbholding.com\/de\/","name":"CFB-Holding","description":"TRUTH - TRUST - TRANSPARENCY","publisher":{"@id":"https:\/\/cfbholding.com\/de\/#organization"},"potentialAction":[{"@type":"SearchAction","target":{"@type":"EntryPoint","urlTemplate":"https:\/\/cfbholding.com\/de\/?s={search_term_string}"},"query-input":{"@type":"PropertyValueSpecification","valueRequired":true,"valueName":"search_term_string"}}],"inLanguage":"de-DE"},{"@type":"Organization","@id":"https:\/\/cfbholding.com\/de\/#organization","name":"CFB-Holding Ltd","url":"https:\/\/cfbholding.com\/de\/","logo":{"@type":"ImageObject","inLanguage":"de-DE","@id":"https:\/\/cfbholding.com\/de\/#\/schema\/logo\/image\/","url":"https:\/\/cfbholding.com\/wp-content\/uploads\/2025\/03\/logo.webp","contentUrl":"https:\/\/cfbholding.com\/wp-content\/uploads\/2025\/03\/logo.webp","width":336,"height":81,"caption":"CFB-Holding Ltd"},"image":{"@id":"https:\/\/cfbholding.com\/de\/#\/schema\/logo\/image\/"},"sameAs":["https:\/\/www.facebook.com\/people\/CFB-Holding-Ltd\/61555691876999\/","https:\/\/x.com\/CfbHolding","https:\/\/www.linkedin.com\/company\/cfb-holding-ltd\/","https:\/\/www.instagram.com\/cfbholdingltd\/"]}]}},"_links":{"self":[{"href":"https:\/\/cfbholding.com\/de\/wp-json\/wp\/v2\/pages\/1385","targetHints":{"allow":["GET"]}}],"collection":[{"href":"https:\/\/cfbholding.com\/de\/wp-json\/wp\/v2\/pages"}],"about":[{"href":"https:\/\/cfbholding.com\/de\/wp-json\/wp\/v2\/types\/page"}],"author":[{"embeddable":true,"href":"https:\/\/cfbholding.com\/de\/wp-json\/wp\/v2\/users\/1"}],"replies":[{"embeddable":true,"href":"https:\/\/cfbholding.com\/de\/wp-json\/wp\/v2\/comments?post=1385"}],"version-history":[{"count":7,"href":"https:\/\/cfbholding.com\/de\/wp-json\/wp\/v2\/pages\/1385\/revisions"}],"predecessor-version":[{"id":4320,"href":"https:\/\/cfbholding.com\/de\/wp-json\/wp\/v2\/pages\/1385\/revisions\/4320"}],"wp:featuredmedia":[{"embeddable":true,"href":"https:\/\/cfbholding.com\/de\/wp-json\/wp\/v2\/media\/717"}],"wp:attachment":[{"href":"https:\/\/cfbholding.com\/de\/wp-json\/wp\/v2\/media?parent=1385"}],"curies":[{"name":"wp","href":"https:\/\/api.w.org\/{rel}","templated":true}]}}