{"id":1429,"date":"2024-05-03T09:23:39","date_gmt":"2024-05-03T09:23:39","guid":{"rendered":"https:\/\/cfbholding.com\/quality-standards\/"},"modified":"2025-03-24T20:32:27","modified_gmt":"2025-03-24T20:32:27","slug":"qualitaetsstandards","status":"publish","type":"page","link":"https:\/\/cfbholding.com\/de\/qualitaetsstandards\/","title":{"rendered":"Qualit\u00e4tsstandards"},"content":{"rendered":"\n<h2 class=\"wp-block-heading has-medium-font-size\"><strong>Qualit\u00e4tsstandards im Immobilienbau<\/strong><\/h2>\n\n\n\n<p>Bei <strong>CFB Holding Ltd<\/strong> setzen wir uns daf\u00fcr ein, in jedem Immobilienprojekt eine <strong>au\u00dfergew\u00f6hnlich hohe Qualit\u00e4t<\/strong> zu liefern. Auch als <strong>junges Immobilienunternehmen in Kamerun<\/strong> verpflichten wir uns zu den <strong>h\u00f6chsten Bau- und Qualit\u00e4tsstandards<\/strong>, um <strong>nachhaltige, moderne und langlebige H\u00e4user<\/strong> zu schaffen.<\/p>\n\n\n\n<p>Unser Ziel ist es, unseren Kunden \u2013 sowohl in Kamerun als auch in der Diaspora \u2013 echten Mehrwert zu bieten. Das erreichen wir durch <strong>sorgf\u00e4ltige Planung, pr\u00e4zise Ausf\u00fchrung<\/strong> und eine <strong>Kultur der kontinuierlichen Verbesserung<\/strong>. So sichern wir h\u00f6chste Qualit\u00e4t im Immobilienbau:<\/p>\n\n\n\n<h3 class=\"wp-block-heading has-medium-font-size\">Strenge Qualit\u00e4tskontrollen<\/h3>\n\n\n\n<p>Von der Fundamentlegung bis zur Innenausstattung implementieren wir <strong>strenge Qualit\u00e4tskontrollma\u00dfnahmen<\/strong> in jeder Bauphase. Unsere Verfahren gew\u00e4hrleisten <strong>Konsistenz, Sicherheit und handwerkliche Exzellenz<\/strong> in Materialwahl und Ausf\u00fchrung.<\/p>\n\n\n\n<h3 class=\"wp-block-heading has-medium-font-size\">Einhaltung internationaler Standards<\/h3>\n\n\n\n<p>Wir richten uns nach <strong>international anerkannten Best Practices<\/strong> im Bau- und Immobilienbereich. Durch die Einhaltung globaler Normen stellen wir sicher, dass unsere Projekte sowohl <strong>international wettbewerbsf\u00e4hig<\/strong> als auch <strong>lokal angepasst<\/strong> sind.<\/p>\n\n\n\n<h3 class=\"wp-block-heading has-medium-font-size\">Kundenorientierte Entwicklung<\/h3>\n\n\n\n<p>Wir sind \u00fcberzeugt: <strong>Qualit\u00e4t beginnt beim Kundenverst\u00e4ndnis<\/strong>. Auch wenn wir gerade erst unsere Kundenbasis aufbauen, legen wir gro\u00dfen Wert auf <strong>Zuh\u00f6ren, Transparenz und ma\u00dfgeschneiderte L\u00f6sungen<\/strong>. Jedes Haus wird mit dem Ziel entwickelt, <strong>Komfort, Funktionalit\u00e4t und langfristigen Wert<\/strong> f\u00fcr Familien, Berufst\u00e4tige und Investoren zu bieten.<\/p>\n","protected":false},"excerpt":{"rendered":"<p>Qualit\u00e4tsstandards im Immobilienbau Bei CFB Holding Ltd setzen wir uns daf\u00fcr ein, in jedem Immobilienprojekt eine au\u00dfergew\u00f6hnlich hohe Qualit\u00e4t zu liefern. Auch als junges Immobilienunternehmen in Kamerun verpflichten wir uns zu den h\u00f6chsten Bau- und Qualit\u00e4tsstandards, um nachhaltige, moderne und langlebige H\u00e4user zu schaffen. Unser Ziel ist es, unseren Kunden \u2013 sowohl in Kamerun als [&hellip;]<\/p>\n","protected":false},"author":1,"featured_media":0,"parent":0,"menu_order":0,"comment_status":"closed","ping_status":"closed","template":"","meta":{"_acf_changed":false,"footnotes":""},"class_list":["post-1429","page","type-page","status-publish","hentry"],"acf":[],"yoast_head":"<!-- This site is optimized with the Yoast SEO Premium plugin v27.2 (Yoast SEO v27.5) - https:\/\/yoast.com\/product\/yoast-seo-premium-wordpress\/ -->\n<title>Qualit\u00e4tsstandards \u2013 CFB Holding | Exzellenz im Immobilienbau in Kamerun<\/title>\n<meta name=\"description\" content=\"Erfahren Sie, wie CFB Holding h\u00f6chste Qualit\u00e4tsstandards von der Materialwahl bis zur Ausf\u00fchrung einh\u00e4lt. Wir bauen nachhaltige, stilvolle und langlebige H\u00e4user.\" \/>\n<meta name=\"robots\" content=\"index, follow, max-snippet:-1, max-image-preview:large, max-video-preview:-1\" \/>\n<link rel=\"canonical\" href=\"https:\/\/cfbholding.com\/de\/qualitaetsstandards\/\" \/>\n<meta property=\"og:locale\" content=\"de_DE\" \/>\n<meta property=\"og:type\" content=\"article\" \/>\n<meta property=\"og:title\" content=\"Qualit\u00e4tsstandards\" \/>\n<meta property=\"og:description\" content=\"Erfahren Sie, wie CFB Holding h\u00f6chste Qualit\u00e4tsstandards von der Materialwahl bis zur Ausf\u00fchrung einh\u00e4lt. Wir bauen nachhaltige, stilvolle und langlebige H\u00e4user.\" \/>\n<meta property=\"og:url\" content=\"https:\/\/cfbholding.com\/de\/qualitaetsstandards\/\" \/>\n<meta property=\"og:site_name\" content=\"CFB-Holding\" \/>\n<meta property=\"article:publisher\" content=\"https:\/\/www.facebook.com\/people\/CFB-Holding-Ltd\/61555691876999\/\" \/>\n<meta property=\"article:modified_time\" content=\"2025-03-24T20:32:27+00:00\" \/>\n<meta name=\"twitter:card\" content=\"summary_large_image\" \/>\n<meta name=\"twitter:site\" content=\"@CfbHolding\" \/>\n<script type=\"application\/ld+json\" class=\"yoast-schema-graph\">{\"@context\":\"https:\\\/\\\/schema.org\",\"@graph\":[{\"@type\":\"WebPage\",\"@id\":\"https:\\\/\\\/cfbholding.com\\\/de\\\/qualitaetsstandards\\\/\",\"url\":\"https:\\\/\\\/cfbholding.com\\\/de\\\/qualitaetsstandards\\\/\",\"name\":\"Qualit\u00e4tsstandards \u2013 CFB Holding | Exzellenz im Immobilienbau in Kamerun\",\"isPartOf\":{\"@id\":\"https:\\\/\\\/cfbholding.com\\\/de\\\/#website\"},\"datePublished\":\"2024-05-03T09:23:39+00:00\",\"dateModified\":\"2025-03-24T20:32:27+00:00\",\"description\":\"Erfahren Sie, wie CFB Holding h\u00f6chste Qualit\u00e4tsstandards von der Materialwahl bis zur Ausf\u00fchrung einh\u00e4lt. Wir bauen nachhaltige, stilvolle und langlebige H\u00e4user.\",\"breadcrumb\":{\"@id\":\"https:\\\/\\\/cfbholding.com\\\/de\\\/qualitaetsstandards\\\/#breadcrumb\"},\"inLanguage\":\"de-DE\",\"potentialAction\":[{\"@type\":\"ReadAction\",\"target\":[\"https:\\\/\\\/cfbholding.com\\\/de\\\/qualitaetsstandards\\\/\"]}]},{\"@type\":\"BreadcrumbList\",\"@id\":\"https:\\\/\\\/cfbholding.com\\\/de\\\/qualitaetsstandards\\\/#breadcrumb\",\"itemListElement\":[{\"@type\":\"ListItem\",\"position\":1,\"name\":\"Home\",\"item\":\"https:\\\/\\\/cfbholding.com\\\/de\\\/\"},{\"@type\":\"ListItem\",\"position\":2,\"name\":\"Qualit\u00e4tsstandards\"}]},{\"@type\":\"WebSite\",\"@id\":\"https:\\\/\\\/cfbholding.com\\\/de\\\/#website\",\"url\":\"https:\\\/\\\/cfbholding.com\\\/de\\\/\",\"name\":\"CFB-Holding\",\"description\":\"TRUTH - TRUST - TRANSPARENCY\",\"publisher\":{\"@id\":\"https:\\\/\\\/cfbholding.com\\\/de\\\/#organization\"},\"potentialAction\":[{\"@type\":\"SearchAction\",\"target\":{\"@type\":\"EntryPoint\",\"urlTemplate\":\"https:\\\/\\\/cfbholding.com\\\/de\\\/?s={search_term_string}\"},\"query-input\":{\"@type\":\"PropertyValueSpecification\",\"valueRequired\":true,\"valueName\":\"search_term_string\"}}],\"inLanguage\":\"de-DE\"},{\"@type\":\"Organization\",\"@id\":\"https:\\\/\\\/cfbholding.com\\\/de\\\/#organization\",\"name\":\"CFB-Holding Ltd\",\"url\":\"https:\\\/\\\/cfbholding.com\\\/de\\\/\",\"logo\":{\"@type\":\"ImageObject\",\"inLanguage\":\"de-DE\",\"@id\":\"https:\\\/\\\/cfbholding.com\\\/de\\\/#\\\/schema\\\/logo\\\/image\\\/\",\"url\":\"https:\\\/\\\/cfbholding.com\\\/wp-content\\\/uploads\\\/2025\\\/03\\\/logo.webp\",\"contentUrl\":\"https:\\\/\\\/cfbholding.com\\\/wp-content\\\/uploads\\\/2025\\\/03\\\/logo.webp\",\"width\":336,\"height\":81,\"caption\":\"CFB-Holding Ltd\"},\"image\":{\"@id\":\"https:\\\/\\\/cfbholding.com\\\/de\\\/#\\\/schema\\\/logo\\\/image\\\/\"},\"sameAs\":[\"https:\\\/\\\/www.facebook.com\\\/people\\\/CFB-Holding-Ltd\\\/61555691876999\\\/\",\"https:\\\/\\\/x.com\\\/CfbHolding\",\"https:\\\/\\\/www.linkedin.com\\\/company\\\/cfb-holding-ltd\\\/\",\"https:\\\/\\\/www.instagram.com\\\/cfbholdingltd\\\/\"]}]}<\/script>\n<!-- \/ Yoast SEO Premium plugin. -->","yoast_head_json":{"title":"Qualit\u00e4tsstandards \u2013 CFB Holding | Exzellenz im Immobilienbau in Kamerun","description":"Erfahren Sie, wie CFB Holding h\u00f6chste Qualit\u00e4tsstandards von der Materialwahl bis zur Ausf\u00fchrung einh\u00e4lt. Wir bauen nachhaltige, stilvolle und langlebige H\u00e4user.","robots":{"index":"index","follow":"follow","max-snippet":"max-snippet:-1","max-image-preview":"max-image-preview:large","max-video-preview":"max-video-preview:-1"},"canonical":"https:\/\/cfbholding.com\/de\/qualitaetsstandards\/","og_locale":"de_DE","og_type":"article","og_title":"Qualit\u00e4tsstandards","og_description":"Erfahren Sie, wie CFB Holding h\u00f6chste Qualit\u00e4tsstandards von der Materialwahl bis zur Ausf\u00fchrung einh\u00e4lt. Wir bauen nachhaltige, stilvolle und langlebige H\u00e4user.","og_url":"https:\/\/cfbholding.com\/de\/qualitaetsstandards\/","og_site_name":"CFB-Holding","article_publisher":"https:\/\/www.facebook.com\/people\/CFB-Holding-Ltd\/61555691876999\/","article_modified_time":"2025-03-24T20:32:27+00:00","twitter_card":"summary_large_image","twitter_site":"@CfbHolding","schema":{"@context":"https:\/\/schema.org","@graph":[{"@type":"WebPage","@id":"https:\/\/cfbholding.com\/de\/qualitaetsstandards\/","url":"https:\/\/cfbholding.com\/de\/qualitaetsstandards\/","name":"Qualit\u00e4tsstandards \u2013 CFB Holding | Exzellenz im Immobilienbau in Kamerun","isPartOf":{"@id":"https:\/\/cfbholding.com\/de\/#website"},"datePublished":"2024-05-03T09:23:39+00:00","dateModified":"2025-03-24T20:32:27+00:00","description":"Erfahren Sie, wie CFB Holding h\u00f6chste Qualit\u00e4tsstandards von der Materialwahl bis zur Ausf\u00fchrung einh\u00e4lt. Wir bauen nachhaltige, stilvolle und langlebige H\u00e4user.","breadcrumb":{"@id":"https:\/\/cfbholding.com\/de\/qualitaetsstandards\/#breadcrumb"},"inLanguage":"de-DE","potentialAction":[{"@type":"ReadAction","target":["https:\/\/cfbholding.com\/de\/qualitaetsstandards\/"]}]},{"@type":"BreadcrumbList","@id":"https:\/\/cfbholding.com\/de\/qualitaetsstandards\/#breadcrumb","itemListElement":[{"@type":"ListItem","position":1,"name":"Home","item":"https:\/\/cfbholding.com\/de\/"},{"@type":"ListItem","position":2,"name":"Qualit\u00e4tsstandards"}]},{"@type":"WebSite","@id":"https:\/\/cfbholding.com\/de\/#website","url":"https:\/\/cfbholding.com\/de\/","name":"CFB-Holding","description":"TRUTH - TRUST - TRANSPARENCY","publisher":{"@id":"https:\/\/cfbholding.com\/de\/#organization"},"potentialAction":[{"@type":"SearchAction","target":{"@type":"EntryPoint","urlTemplate":"https:\/\/cfbholding.com\/de\/?s={search_term_string}"},"query-input":{"@type":"PropertyValueSpecification","valueRequired":true,"valueName":"search_term_string"}}],"inLanguage":"de-DE"},{"@type":"Organization","@id":"https:\/\/cfbholding.com\/de\/#organization","name":"CFB-Holding Ltd","url":"https:\/\/cfbholding.com\/de\/","logo":{"@type":"ImageObject","inLanguage":"de-DE","@id":"https:\/\/cfbholding.com\/de\/#\/schema\/logo\/image\/","url":"https:\/\/cfbholding.com\/wp-content\/uploads\/2025\/03\/logo.webp","contentUrl":"https:\/\/cfbholding.com\/wp-content\/uploads\/2025\/03\/logo.webp","width":336,"height":81,"caption":"CFB-Holding Ltd"},"image":{"@id":"https:\/\/cfbholding.com\/de\/#\/schema\/logo\/image\/"},"sameAs":["https:\/\/www.facebook.com\/people\/CFB-Holding-Ltd\/61555691876999\/","https:\/\/x.com\/CfbHolding","https:\/\/www.linkedin.com\/company\/cfb-holding-ltd\/","https:\/\/www.instagram.com\/cfbholdingltd\/"]}]}},"_links":{"self":[{"href":"https:\/\/cfbholding.com\/de\/wp-json\/wp\/v2\/pages\/1429","targetHints":{"allow":["GET"]}}],"collection":[{"href":"https:\/\/cfbholding.com\/de\/wp-json\/wp\/v2\/pages"}],"about":[{"href":"https:\/\/cfbholding.com\/de\/wp-json\/wp\/v2\/types\/page"}],"author":[{"embeddable":true,"href":"https:\/\/cfbholding.com\/de\/wp-json\/wp\/v2\/users\/1"}],"replies":[{"embeddable":true,"href":"https:\/\/cfbholding.com\/de\/wp-json\/wp\/v2\/comments?post=1429"}],"version-history":[{"count":4,"href":"https:\/\/cfbholding.com\/de\/wp-json\/wp\/v2\/pages\/1429\/revisions"}],"predecessor-version":[{"id":4332,"href":"https:\/\/cfbholding.com\/de\/wp-json\/wp\/v2\/pages\/1429\/revisions\/4332"}],"wp:attachment":[{"href":"https:\/\/cfbholding.com\/de\/wp-json\/wp\/v2\/media?parent=1429"}],"curies":[{"name":"wp","href":"https:\/\/api.w.org\/{rel}","templated":true}]}}