{"id":1383,"date":"2024-05-03T03:58:30","date_gmt":"2024-05-03T03:58:30","guid":{"rendered":"https:\/\/cfbholding.com\/employment-oppurtunities\/"},"modified":"2025-03-24T20:02:59","modified_gmt":"2025-03-24T20:02:59","slug":"opportunites-de-carriere","status":"publish","type":"page","link":"https:\/\/cfbholding.com\/fr\/opportunites-de-carriere\/","title":{"rendered":"Opportunit\u00e9s d\u2019Emploi"},"content":{"rendered":"\n<p>Nous privil\u00e9gions le recrutement local afin de contribuer au d\u00e9veloppement \u00e9conomique des r\u00e9gions dans lesquelles nous op\u00e9rons.<\/p>\n\n\n\n<hr class=\"wp-block-separator has-alpha-channel-opacity\"\/>\n\n\n\n<h2 class=\"wp-block-heading has-medium-font-size\"><strong>Opportunit\u00e9s d\u2019Emploi chez <a href=\"https:\/\/cfbholding.com\/fr\/about-us\/\">CFB Holding Ltd<\/a><\/strong><\/h2>\n\n\n\n<p>Chez CFB Holding Ltd, nous croyons qu\u2019il ne s\u2019agit pas seulement de b\u00e2tir des entreprises \u2014 il s\u2019agit de construire des avenirs. De l\u2019immobilier \u00e0 l\u2019agriculture, en passant par l\u2019\u00e9ducation et les projets \u00e0 fort impact, notre portefeuille est vaste et en pleine expansion. Nous sommes constamment \u00e0 la recherche d\u2019esprits innovants, de cr\u00e9ateurs de changement et de professionnels passionn\u00e9s d\u00e9sireux de contribuer \u00e0 la transformation de l\u2019Afrique.<\/p>\n\n\n\n<hr class=\"wp-block-separator has-alpha-channel-opacity\"\/>\n\n\n\n<h2 class=\"wp-block-heading has-medium-font-size\"><strong>Pourquoi Nous Rejoindre ?<\/strong><\/h2>\n\n\n\n<p><a href=\"https:\/\/cfbholding.com\/fr\/about-us\/\">CFB Holding Ltd<\/a> n\u2019est pas une entreprise comme les autres \u2014 c\u2019est un v\u00e9ritable mouvement. Avec des racines solides dans le secteur immobilier et une vision qui s\u2019\u00e9tend \u00e0 l\u2019agriculture, l\u2019\u00e9ducation, la sant\u00e9, la fabrication et la distribution, nous offrons des parcours professionnels dynamiques \u00e0 ceux qui souhaitent donner un sens profond \u00e0 leur carri\u00e8re.<\/p>\n\n\n\n<p>Nos valeurs fondamentales sont les suivantes :<\/p>\n\n\n\n<ul class=\"wp-block-list\">\n<li>Int\u00e9grit\u00e9 et excellence<\/li>\n\n\n\n<li>D\u00e9veloppement durable<\/li>\n\n\n\n<li>Croissance inclusive<\/li>\n\n\n\n<li>Innovation porteuse de sens<\/li>\n\n\n\n<li>Autonomisation des communaut\u00e9s<\/li>\n<\/ul>\n\n\n\n<p>Que vous soyez un expert chevronn\u00e9 ou un acteur du changement en devenir, nous constituons des \u00e9quipes qui incarnent l\u2019\u00e9tendue de nos ambitions.<\/p>\n\n\n\n<hr class=\"wp-block-separator has-alpha-channel-opacity\"\/>\n\n\n\n<h2 class=\"wp-block-heading has-medium-font-size\"><strong>Postes Actuellement Disponibles<\/strong><\/h2>\n\n\n\n<p>Nous mettons r\u00e9guli\u00e8rement \u00e0 jour nos offres d\u2019emploi dans plusieurs d\u00e9partements.<br>Pour consulter les postes actuellement ouverts, les conditions de candidature et les dates limites, veuillez visiter notre page <a href=\"https:\/\/cfbholding.com\/fr\/career\/\">Carri\u00e8res<\/a>.<\/p>\n\n\n\n<hr class=\"wp-block-separator has-alpha-channel-opacity\"\/>\n\n\n\n<h2 class=\"wp-block-heading has-medium-font-size\"><strong>Des Secteurs Diversifi\u00e9s. Une Seule Mission.<\/strong><\/h2>\n\n\n\n<p>Notre portefeuille couvre plusieurs secteurs, chacun de nos projets contribuant \u00e0 notre vision \u00e0 long terme: une Afrique prosp\u00e8re, durable et r\u00e9siliente.<br>En savoir plus sur nos secteurs d&rsquo;activit\u00e9 en \u00e9volution sur notre page <a href=\"https:\/\/cfbholding.com\/fr\/portfolio\/\">Portefeuille d\u2019Activit\u00e9s<\/a>.<\/p>\n\n\n\n<hr class=\"wp-block-separator has-alpha-channel-opacity\"\/>\n\n\n\n<h3 class=\"wp-block-heading has-medium-font-size\"><strong>Pr\u00eat(e) \u00e0 Commencer l\u2019Aventure Avec Nous ?<\/strong><\/h3>\n\n\n\n<p><a href=\"https:\/\/cfbholding.com\/fr\/career\/\">D\u00e9couvrir Toutes les Offres<\/a><\/p>\n","protected":false},"excerpt":{"rendered":"<p>Nous privil\u00e9gions le recrutement local afin de contribuer au d\u00e9veloppement \u00e9conomique des r\u00e9gions dans lesquelles nous op\u00e9rons. Opportunit\u00e9s d\u2019Emploi chez CFB Holding Ltd Chez CFB Holding Ltd, nous croyons qu\u2019il ne s\u2019agit pas seulement de b\u00e2tir des entreprises \u2014 il s\u2019agit de construire des avenirs. De l\u2019immobilier \u00e0 l\u2019agriculture, en passant par l\u2019\u00e9ducation et les [&hellip;]<\/p>\n","protected":false},"author":1,"featured_media":716,"parent":0,"menu_order":0,"comment_status":"closed","ping_status":"closed","template":"","meta":{"_acf_changed":false,"footnotes":""},"class_list":["post-1383","page","type-page","status-publish","has-post-thumbnail","hentry"],"acf":[],"yoast_head":"<!-- This site is optimized with the Yoast SEO Premium plugin v27.2 (Yoast SEO v27.5) - https:\/\/yoast.com\/product\/yoast-seo-premium-wordpress\/ -->\n<title>D\u00e9couvrez les Opportunit\u00e9s de Carri\u00e8re chez CFB Holding Ltd | Rejoignez une \u00c9quipe Engag\u00e9e<\/title>\n<meta name=\"description\" content=\"Explorez les opportunit\u00e9s d&#039;emploi chez CFB Holding Ltd dans l&#039;immobilier, l\u2019agriculture, l\u2019\u00e9ducation, et plus encore. Visitez notre page Carri\u00e8res pour consulter les offres actuelles et rejoignez un projet porteur de sens en Afrique.\" \/>\n<meta name=\"robots\" content=\"index, follow, max-snippet:-1, max-image-preview:large, max-video-preview:-1\" \/>\n<link rel=\"canonical\" href=\"https:\/\/cfbholding.com\/fr\/opportunites-de-carriere\/\" \/>\n<meta property=\"og:locale\" content=\"fr_FR\" \/>\n<meta property=\"og:type\" content=\"article\" \/>\n<meta property=\"og:title\" content=\"Opportunit\u00e9s d\u2019Emploi\" \/>\n<meta property=\"og:description\" content=\"Explorez les opportunit\u00e9s d&#039;emploi chez CFB Holding Ltd dans l&#039;immobilier, l\u2019agriculture, l\u2019\u00e9ducation, et plus encore. Visitez notre page Carri\u00e8res pour consulter les offres actuelles et rejoignez un projet porteur de sens en Afrique.\" \/>\n<meta property=\"og:url\" content=\"https:\/\/cfbholding.com\/fr\/opportunites-de-carriere\/\" \/>\n<meta property=\"og:site_name\" content=\"CFB-Holding\" \/>\n<meta property=\"article:publisher\" content=\"https:\/\/www.facebook.com\/people\/CFB-Holding-Ltd\/61555691876999\/\" \/>\n<meta property=\"article:modified_time\" content=\"2025-03-24T20:02:59+00:00\" \/>\n<meta property=\"og:image\" content=\"https:\/\/cfbholding.com\/wp-content\/uploads\/2024\/04\/banner-home.webp\" \/>\n\t<meta property=\"og:image:width\" content=\"1921\" \/>\n\t<meta property=\"og:image:height\" content=\"717\" \/>\n\t<meta property=\"og:image:type\" content=\"image\/webp\" \/>\n<meta name=\"twitter:card\" content=\"summary_large_image\" \/>\n<meta name=\"twitter:site\" content=\"@CfbHolding\" \/>\n<script type=\"application\/ld+json\" class=\"yoast-schema-graph\">{\"@context\":\"https:\\\/\\\/schema.org\",\"@graph\":[{\"@type\":\"WebPage\",\"@id\":\"https:\\\/\\\/cfbholding.com\\\/fr\\\/opportunites-de-carriere\\\/\",\"url\":\"https:\\\/\\\/cfbholding.com\\\/fr\\\/opportunites-de-carriere\\\/\",\"name\":\"D\u00e9couvrez les Opportunit\u00e9s de Carri\u00e8re chez CFB Holding Ltd | Rejoignez une \u00c9quipe Engag\u00e9e\",\"isPartOf\":{\"@id\":\"https:\\\/\\\/cfbholding.com\\\/fr\\\/#website\"},\"primaryImageOfPage\":{\"@id\":\"https:\\\/\\\/cfbholding.com\\\/fr\\\/opportunites-de-carriere\\\/#primaryimage\"},\"image\":{\"@id\":\"https:\\\/\\\/cfbholding.com\\\/fr\\\/opportunites-de-carriere\\\/#primaryimage\"},\"thumbnailUrl\":\"https:\\\/\\\/cfbholding.com\\\/wp-content\\\/uploads\\\/2024\\\/04\\\/banner-home.webp\",\"datePublished\":\"2024-05-03T03:58:30+00:00\",\"dateModified\":\"2025-03-24T20:02:59+00:00\",\"description\":\"Explorez les opportunit\u00e9s d'emploi chez CFB Holding Ltd dans l'immobilier, l\u2019agriculture, l\u2019\u00e9ducation, et plus encore. Visitez notre page Carri\u00e8res pour consulter les offres actuelles et rejoignez un projet porteur de sens en Afrique.\",\"breadcrumb\":{\"@id\":\"https:\\\/\\\/cfbholding.com\\\/fr\\\/opportunites-de-carriere\\\/#breadcrumb\"},\"inLanguage\":\"fr-FR\",\"potentialAction\":[{\"@type\":\"ReadAction\",\"target\":[\"https:\\\/\\\/cfbholding.com\\\/fr\\\/opportunites-de-carriere\\\/\"]}]},{\"@type\":\"ImageObject\",\"inLanguage\":\"fr-FR\",\"@id\":\"https:\\\/\\\/cfbholding.com\\\/fr\\\/opportunites-de-carriere\\\/#primaryimage\",\"url\":\"https:\\\/\\\/cfbholding.com\\\/wp-content\\\/uploads\\\/2024\\\/04\\\/banner-home.webp\",\"contentUrl\":\"https:\\\/\\\/cfbholding.com\\\/wp-content\\\/uploads\\\/2024\\\/04\\\/banner-home.webp\",\"width\":1921,\"height\":717},{\"@type\":\"BreadcrumbList\",\"@id\":\"https:\\\/\\\/cfbholding.com\\\/fr\\\/opportunites-de-carriere\\\/#breadcrumb\",\"itemListElement\":[{\"@type\":\"ListItem\",\"position\":1,\"name\":\"Home\",\"item\":\"https:\\\/\\\/cfbholding.com\\\/fr\\\/\"},{\"@type\":\"ListItem\",\"position\":2,\"name\":\"Opportunit\u00e9s d\u2019Emploi\"}]},{\"@type\":\"WebSite\",\"@id\":\"https:\\\/\\\/cfbholding.com\\\/fr\\\/#website\",\"url\":\"https:\\\/\\\/cfbholding.com\\\/fr\\\/\",\"name\":\"CFB-Holding\",\"description\":\"TRUTH - TRUST - TRANSPARENCY\",\"publisher\":{\"@id\":\"https:\\\/\\\/cfbholding.com\\\/fr\\\/#organization\"},\"potentialAction\":[{\"@type\":\"SearchAction\",\"target\":{\"@type\":\"EntryPoint\",\"urlTemplate\":\"https:\\\/\\\/cfbholding.com\\\/fr\\\/?s={search_term_string}\"},\"query-input\":{\"@type\":\"PropertyValueSpecification\",\"valueRequired\":true,\"valueName\":\"search_term_string\"}}],\"inLanguage\":\"fr-FR\"},{\"@type\":\"Organization\",\"@id\":\"https:\\\/\\\/cfbholding.com\\\/fr\\\/#organization\",\"name\":\"CFB-Holding Ltd\",\"url\":\"https:\\\/\\\/cfbholding.com\\\/fr\\\/\",\"logo\":{\"@type\":\"ImageObject\",\"inLanguage\":\"fr-FR\",\"@id\":\"https:\\\/\\\/cfbholding.com\\\/fr\\\/#\\\/schema\\\/logo\\\/image\\\/\",\"url\":\"https:\\\/\\\/cfbholding.com\\\/wp-content\\\/uploads\\\/2025\\\/03\\\/logo.webp\",\"contentUrl\":\"https:\\\/\\\/cfbholding.com\\\/wp-content\\\/uploads\\\/2025\\\/03\\\/logo.webp\",\"width\":336,\"height\":81,\"caption\":\"CFB-Holding Ltd\"},\"image\":{\"@id\":\"https:\\\/\\\/cfbholding.com\\\/fr\\\/#\\\/schema\\\/logo\\\/image\\\/\"},\"sameAs\":[\"https:\\\/\\\/www.facebook.com\\\/people\\\/CFB-Holding-Ltd\\\/61555691876999\\\/\",\"https:\\\/\\\/x.com\\\/CfbHolding\",\"https:\\\/\\\/www.linkedin.com\\\/company\\\/cfb-holding-ltd\\\/\",\"https:\\\/\\\/www.instagram.com\\\/cfbholdingltd\\\/\"]}]}<\/script>\n<!-- \/ Yoast SEO Premium plugin. -->","yoast_head_json":{"title":"D\u00e9couvrez les Opportunit\u00e9s de Carri\u00e8re chez CFB Holding Ltd | Rejoignez une \u00c9quipe Engag\u00e9e","description":"Explorez les opportunit\u00e9s d'emploi chez CFB Holding Ltd dans l'immobilier, l\u2019agriculture, l\u2019\u00e9ducation, et plus encore. Visitez notre page Carri\u00e8res pour consulter les offres actuelles et rejoignez un projet porteur de sens en Afrique.","robots":{"index":"index","follow":"follow","max-snippet":"max-snippet:-1","max-image-preview":"max-image-preview:large","max-video-preview":"max-video-preview:-1"},"canonical":"https:\/\/cfbholding.com\/fr\/opportunites-de-carriere\/","og_locale":"fr_FR","og_type":"article","og_title":"Opportunit\u00e9s d\u2019Emploi","og_description":"Explorez les opportunit\u00e9s d'emploi chez CFB Holding Ltd dans l'immobilier, l\u2019agriculture, l\u2019\u00e9ducation, et plus encore. Visitez notre page Carri\u00e8res pour consulter les offres actuelles et rejoignez un projet porteur de sens en Afrique.","og_url":"https:\/\/cfbholding.com\/fr\/opportunites-de-carriere\/","og_site_name":"CFB-Holding","article_publisher":"https:\/\/www.facebook.com\/people\/CFB-Holding-Ltd\/61555691876999\/","article_modified_time":"2025-03-24T20:02:59+00:00","og_image":[{"width":1921,"height":717,"url":"https:\/\/cfbholding.com\/wp-content\/uploads\/2024\/04\/banner-home.webp","type":"image\/webp"}],"twitter_card":"summary_large_image","twitter_site":"@CfbHolding","schema":{"@context":"https:\/\/schema.org","@graph":[{"@type":"WebPage","@id":"https:\/\/cfbholding.com\/fr\/opportunites-de-carriere\/","url":"https:\/\/cfbholding.com\/fr\/opportunites-de-carriere\/","name":"D\u00e9couvrez les Opportunit\u00e9s de Carri\u00e8re chez CFB Holding Ltd | Rejoignez une \u00c9quipe Engag\u00e9e","isPartOf":{"@id":"https:\/\/cfbholding.com\/fr\/#website"},"primaryImageOfPage":{"@id":"https:\/\/cfbholding.com\/fr\/opportunites-de-carriere\/#primaryimage"},"image":{"@id":"https:\/\/cfbholding.com\/fr\/opportunites-de-carriere\/#primaryimage"},"thumbnailUrl":"https:\/\/cfbholding.com\/wp-content\/uploads\/2024\/04\/banner-home.webp","datePublished":"2024-05-03T03:58:30+00:00","dateModified":"2025-03-24T20:02:59+00:00","description":"Explorez les opportunit\u00e9s d'emploi chez CFB Holding Ltd dans l'immobilier, l\u2019agriculture, l\u2019\u00e9ducation, et plus encore. Visitez notre page Carri\u00e8res pour consulter les offres actuelles et rejoignez un projet porteur de sens en Afrique.","breadcrumb":{"@id":"https:\/\/cfbholding.com\/fr\/opportunites-de-carriere\/#breadcrumb"},"inLanguage":"fr-FR","potentialAction":[{"@type":"ReadAction","target":["https:\/\/cfbholding.com\/fr\/opportunites-de-carriere\/"]}]},{"@type":"ImageObject","inLanguage":"fr-FR","@id":"https:\/\/cfbholding.com\/fr\/opportunites-de-carriere\/#primaryimage","url":"https:\/\/cfbholding.com\/wp-content\/uploads\/2024\/04\/banner-home.webp","contentUrl":"https:\/\/cfbholding.com\/wp-content\/uploads\/2024\/04\/banner-home.webp","width":1921,"height":717},{"@type":"BreadcrumbList","@id":"https:\/\/cfbholding.com\/fr\/opportunites-de-carriere\/#breadcrumb","itemListElement":[{"@type":"ListItem","position":1,"name":"Home","item":"https:\/\/cfbholding.com\/fr\/"},{"@type":"ListItem","position":2,"name":"Opportunit\u00e9s d\u2019Emploi"}]},{"@type":"WebSite","@id":"https:\/\/cfbholding.com\/fr\/#website","url":"https:\/\/cfbholding.com\/fr\/","name":"CFB-Holding","description":"TRUTH - TRUST - TRANSPARENCY","publisher":{"@id":"https:\/\/cfbholding.com\/fr\/#organization"},"potentialAction":[{"@type":"SearchAction","target":{"@type":"EntryPoint","urlTemplate":"https:\/\/cfbholding.com\/fr\/?s={search_term_string}"},"query-input":{"@type":"PropertyValueSpecification","valueRequired":true,"valueName":"search_term_string"}}],"inLanguage":"fr-FR"},{"@type":"Organization","@id":"https:\/\/cfbholding.com\/fr\/#organization","name":"CFB-Holding Ltd","url":"https:\/\/cfbholding.com\/fr\/","logo":{"@type":"ImageObject","inLanguage":"fr-FR","@id":"https:\/\/cfbholding.com\/fr\/#\/schema\/logo\/image\/","url":"https:\/\/cfbholding.com\/wp-content\/uploads\/2025\/03\/logo.webp","contentUrl":"https:\/\/cfbholding.com\/wp-content\/uploads\/2025\/03\/logo.webp","width":336,"height":81,"caption":"CFB-Holding Ltd"},"image":{"@id":"https:\/\/cfbholding.com\/fr\/#\/schema\/logo\/image\/"},"sameAs":["https:\/\/www.facebook.com\/people\/CFB-Holding-Ltd\/61555691876999\/","https:\/\/x.com\/CfbHolding","https:\/\/www.linkedin.com\/company\/cfb-holding-ltd\/","https:\/\/www.instagram.com\/cfbholdingltd\/"]}]}},"_links":{"self":[{"href":"https:\/\/cfbholding.com\/fr\/wp-json\/wp\/v2\/pages\/1383","targetHints":{"allow":["GET"]}}],"collection":[{"href":"https:\/\/cfbholding.com\/fr\/wp-json\/wp\/v2\/pages"}],"about":[{"href":"https:\/\/cfbholding.com\/fr\/wp-json\/wp\/v2\/types\/page"}],"author":[{"embeddable":true,"href":"https:\/\/cfbholding.com\/fr\/wp-json\/wp\/v2\/users\/1"}],"replies":[{"embeddable":true,"href":"https:\/\/cfbholding.com\/fr\/wp-json\/wp\/v2\/comments?post=1383"}],"version-history":[{"count":7,"href":"https:\/\/cfbholding.com\/fr\/wp-json\/wp\/v2\/pages\/1383\/revisions"}],"predecessor-version":[{"id":4313,"href":"https:\/\/cfbholding.com\/fr\/wp-json\/wp\/v2\/pages\/1383\/revisions\/4313"}],"wp:featuredmedia":[{"embeddable":true,"href":"https:\/\/cfbholding.com\/fr\/wp-json\/wp\/v2\/media\/716"}],"wp:attachment":[{"href":"https:\/\/cfbholding.com\/fr\/wp-json\/wp\/v2\/media?parent=1383"}],"curies":[{"name":"wp","href":"https:\/\/api.w.org\/{rel}","templated":true}]}}