{"id":1427,"date":"2024-05-03T09:23:39","date_gmt":"2024-05-03T09:23:39","guid":{"rendered":"https:\/\/cfbholding.com\/quality-standards\/"},"modified":"2025-03-24T20:33:16","modified_gmt":"2025-03-24T20:33:16","slug":"quality-standards","status":"publish","type":"page","link":"https:\/\/cfbholding.com\/fr\/quality-standards\/","title":{"rendered":"Normes de Qualit\u00e9"},"content":{"rendered":"\n<h2 class=\"wp-block-heading has-medium-font-size\"><strong>Normes de Qualit\u00e9 dans le D\u00e9veloppement Immobilier<\/strong><\/h2>\n\n\n\n<p>Chez <strong>CFB Holding Ltd<\/strong>, nous sommes d\u00e9termin\u00e9s \u00e0 garantir une <strong>qualit\u00e9 exceptionnelle<\/strong> dans chaque projet immobilier. M\u00eame en tant que <strong>nouveau promoteur immobilier au Cameroun<\/strong>, nous nous engageons fermement \u00e0 respecter les <strong>normes de construction les plus \u00e9lev\u00e9es<\/strong>, afin de livrer des maisons <strong>durables, modernes et de qualit\u00e9 sup\u00e9rieure<\/strong>.<\/p>\n\n\n\n<p>Notre mission est d\u2019offrir une r\u00e9elle valeur \u00e0 nos clients\u2014au Cameroun comme dans la diaspora\u2014gr\u00e2ce \u00e0 une <strong>planification rigoureuse, une ex\u00e9cution pr\u00e9cise<\/strong>, et une <strong>am\u00e9lioration continue<\/strong>. Voici comment nous assurons une qualit\u00e9 optimale dans le d\u00e9veloppement immobilier :<\/p>\n\n\n\n<h3 class=\"wp-block-heading has-medium-font-size\">Contr\u00f4le Qualit\u00e9 Rigoureux<\/h3>\n\n\n\n<p>Du terrassement aux finitions, nous appliquons des <strong>protocoles de contr\u00f4le qualit\u00e9 stricts<\/strong> \u00e0 chaque \u00e9tape de la construction. Notre approche garantit la <strong>coh\u00e9rence, la s\u00e9curit\u00e9 et l\u2019excellence<\/strong> dans le choix des mat\u00e9riaux, la main-d&rsquo;\u0153uvre et la conception.<\/p>\n\n\n\n<h3 class=\"wp-block-heading has-medium-font-size\">Respect des Normes Internationales<\/h3>\n\n\n\n<p>Nous nous conformons aux <strong>meilleures pratiques internationales<\/strong> du secteur immobilier. En suivant les <strong>normes mondiales de construction<\/strong>, nous assurons que nos projets r\u00e9pondent aux <strong>exigences de qualit\u00e9<\/strong> les plus \u00e9lev\u00e9es, tout en restant adapt\u00e9s au contexte local.<\/p>\n\n\n\n<h3 class=\"wp-block-heading has-medium-font-size\">Approche Ax\u00e9e sur le Client<\/h3>\n\n\n\n<p>Pour nous, la <strong>qualit\u00e9 commence par l\u2019\u00e9coute du client<\/strong>. M\u00eame si notre base de client\u00e8le est encore en croissance, nous privil\u00e9gions une approche <strong>transparente, r\u00e9active et personnalis\u00e9e<\/strong>. Chaque maison est con\u00e7ue pour r\u00e9pondre aux besoins r\u00e9els des familles, des professionnels et des investisseurs \u00e0 la recherche de <strong>confort, de fonctionnalit\u00e9 et de durabilit\u00e9<\/strong>.<\/p>\n","protected":false},"excerpt":{"rendered":"<p>Normes de Qualit\u00e9 dans le D\u00e9veloppement Immobilier Chez CFB Holding Ltd, nous sommes d\u00e9termin\u00e9s \u00e0 garantir une qualit\u00e9 exceptionnelle dans chaque projet immobilier. M\u00eame en tant que nouveau promoteur immobilier au Cameroun, nous nous engageons fermement \u00e0 respecter les normes de construction les plus \u00e9lev\u00e9es, afin de livrer des maisons durables, modernes et de qualit\u00e9 [&hellip;]<\/p>\n","protected":false},"author":1,"featured_media":0,"parent":0,"menu_order":0,"comment_status":"closed","ping_status":"closed","template":"","meta":{"_acf_changed":false,"footnotes":""},"class_list":["post-1427","page","type-page","status-publish","hentry"],"acf":[],"yoast_head":"<!-- This site is optimized with the Yoast SEO Premium plugin v27.2 (Yoast SEO v27.5) - https:\/\/yoast.com\/product\/yoast-seo-premium-wordpress\/ -->\n<title>Normes de Qualit\u00e9 \u2013 CFB Holding | Excellence en Promotion Immobili\u00e8re au Cameroun<\/title>\n<meta name=\"description\" content=\"D\u00e9couvrez comment CFB Holding garantit des normes de qualit\u00e9 sup\u00e9rieures, des mat\u00e9riaux \u00e0 la finition. Nous construisons des maisons durables, \u00e9l\u00e9gantes et fiables.\" \/>\n<meta name=\"robots\" content=\"index, follow, max-snippet:-1, max-image-preview:large, max-video-preview:-1\" \/>\n<link rel=\"canonical\" href=\"https:\/\/cfbholding.com\/fr\/quality-standards\/\" \/>\n<meta property=\"og:locale\" content=\"fr_FR\" \/>\n<meta property=\"og:type\" content=\"article\" \/>\n<meta property=\"og:title\" content=\"Normes de Qualit\u00e9\" \/>\n<meta property=\"og:description\" content=\"D\u00e9couvrez comment CFB Holding garantit des normes de qualit\u00e9 sup\u00e9rieures, des mat\u00e9riaux \u00e0 la finition. Nous construisons des maisons durables, \u00e9l\u00e9gantes et fiables.\" \/>\n<meta property=\"og:url\" content=\"https:\/\/cfbholding.com\/fr\/quality-standards\/\" \/>\n<meta property=\"og:site_name\" content=\"CFB-Holding\" \/>\n<meta property=\"article:publisher\" content=\"https:\/\/www.facebook.com\/people\/CFB-Holding-Ltd\/61555691876999\/\" \/>\n<meta property=\"article:modified_time\" content=\"2025-03-24T20:33:16+00:00\" \/>\n<meta name=\"twitter:card\" content=\"summary_large_image\" \/>\n<meta name=\"twitter:site\" content=\"@CfbHolding\" \/>\n<script type=\"application\/ld+json\" class=\"yoast-schema-graph\">{\"@context\":\"https:\\\/\\\/schema.org\",\"@graph\":[{\"@type\":\"WebPage\",\"@id\":\"https:\\\/\\\/cfbholding.com\\\/fr\\\/quality-standards\\\/\",\"url\":\"https:\\\/\\\/cfbholding.com\\\/fr\\\/quality-standards\\\/\",\"name\":\"Normes de Qualit\u00e9 \u2013 CFB Holding | Excellence en Promotion Immobili\u00e8re au Cameroun\",\"isPartOf\":{\"@id\":\"https:\\\/\\\/cfbholding.com\\\/fr\\\/#website\"},\"datePublished\":\"2024-05-03T09:23:39+00:00\",\"dateModified\":\"2025-03-24T20:33:16+00:00\",\"description\":\"D\u00e9couvrez comment CFB Holding garantit des normes de qualit\u00e9 sup\u00e9rieures, des mat\u00e9riaux \u00e0 la finition. Nous construisons des maisons durables, \u00e9l\u00e9gantes et fiables.\",\"breadcrumb\":{\"@id\":\"https:\\\/\\\/cfbholding.com\\\/fr\\\/quality-standards\\\/#breadcrumb\"},\"inLanguage\":\"fr-FR\",\"potentialAction\":[{\"@type\":\"ReadAction\",\"target\":[\"https:\\\/\\\/cfbholding.com\\\/fr\\\/quality-standards\\\/\"]}]},{\"@type\":\"BreadcrumbList\",\"@id\":\"https:\\\/\\\/cfbholding.com\\\/fr\\\/quality-standards\\\/#breadcrumb\",\"itemListElement\":[{\"@type\":\"ListItem\",\"position\":1,\"name\":\"Home\",\"item\":\"https:\\\/\\\/cfbholding.com\\\/fr\\\/\"},{\"@type\":\"ListItem\",\"position\":2,\"name\":\"Normes de Qualit\u00e9\"}]},{\"@type\":\"WebSite\",\"@id\":\"https:\\\/\\\/cfbholding.com\\\/fr\\\/#website\",\"url\":\"https:\\\/\\\/cfbholding.com\\\/fr\\\/\",\"name\":\"CFB-Holding\",\"description\":\"TRUTH - TRUST - TRANSPARENCY\",\"publisher\":{\"@id\":\"https:\\\/\\\/cfbholding.com\\\/fr\\\/#organization\"},\"potentialAction\":[{\"@type\":\"SearchAction\",\"target\":{\"@type\":\"EntryPoint\",\"urlTemplate\":\"https:\\\/\\\/cfbholding.com\\\/fr\\\/?s={search_term_string}\"},\"query-input\":{\"@type\":\"PropertyValueSpecification\",\"valueRequired\":true,\"valueName\":\"search_term_string\"}}],\"inLanguage\":\"fr-FR\"},{\"@type\":\"Organization\",\"@id\":\"https:\\\/\\\/cfbholding.com\\\/fr\\\/#organization\",\"name\":\"CFB-Holding Ltd\",\"url\":\"https:\\\/\\\/cfbholding.com\\\/fr\\\/\",\"logo\":{\"@type\":\"ImageObject\",\"inLanguage\":\"fr-FR\",\"@id\":\"https:\\\/\\\/cfbholding.com\\\/fr\\\/#\\\/schema\\\/logo\\\/image\\\/\",\"url\":\"https:\\\/\\\/cfbholding.com\\\/wp-content\\\/uploads\\\/2025\\\/03\\\/logo.webp\",\"contentUrl\":\"https:\\\/\\\/cfbholding.com\\\/wp-content\\\/uploads\\\/2025\\\/03\\\/logo.webp\",\"width\":336,\"height\":81,\"caption\":\"CFB-Holding Ltd\"},\"image\":{\"@id\":\"https:\\\/\\\/cfbholding.com\\\/fr\\\/#\\\/schema\\\/logo\\\/image\\\/\"},\"sameAs\":[\"https:\\\/\\\/www.facebook.com\\\/people\\\/CFB-Holding-Ltd\\\/61555691876999\\\/\",\"https:\\\/\\\/x.com\\\/CfbHolding\",\"https:\\\/\\\/www.linkedin.com\\\/company\\\/cfb-holding-ltd\\\/\",\"https:\\\/\\\/www.instagram.com\\\/cfbholdingltd\\\/\"]}]}<\/script>\n<!-- \/ Yoast SEO Premium plugin. -->","yoast_head_json":{"title":"Normes de Qualit\u00e9 \u2013 CFB Holding | Excellence en Promotion Immobili\u00e8re au Cameroun","description":"D\u00e9couvrez comment CFB Holding garantit des normes de qualit\u00e9 sup\u00e9rieures, des mat\u00e9riaux \u00e0 la finition. Nous construisons des maisons durables, \u00e9l\u00e9gantes et fiables.","robots":{"index":"index","follow":"follow","max-snippet":"max-snippet:-1","max-image-preview":"max-image-preview:large","max-video-preview":"max-video-preview:-1"},"canonical":"https:\/\/cfbholding.com\/fr\/quality-standards\/","og_locale":"fr_FR","og_type":"article","og_title":"Normes de Qualit\u00e9","og_description":"D\u00e9couvrez comment CFB Holding garantit des normes de qualit\u00e9 sup\u00e9rieures, des mat\u00e9riaux \u00e0 la finition. Nous construisons des maisons durables, \u00e9l\u00e9gantes et fiables.","og_url":"https:\/\/cfbholding.com\/fr\/quality-standards\/","og_site_name":"CFB-Holding","article_publisher":"https:\/\/www.facebook.com\/people\/CFB-Holding-Ltd\/61555691876999\/","article_modified_time":"2025-03-24T20:33:16+00:00","twitter_card":"summary_large_image","twitter_site":"@CfbHolding","schema":{"@context":"https:\/\/schema.org","@graph":[{"@type":"WebPage","@id":"https:\/\/cfbholding.com\/fr\/quality-standards\/","url":"https:\/\/cfbholding.com\/fr\/quality-standards\/","name":"Normes de Qualit\u00e9 \u2013 CFB Holding | Excellence en Promotion Immobili\u00e8re au Cameroun","isPartOf":{"@id":"https:\/\/cfbholding.com\/fr\/#website"},"datePublished":"2024-05-03T09:23:39+00:00","dateModified":"2025-03-24T20:33:16+00:00","description":"D\u00e9couvrez comment CFB Holding garantit des normes de qualit\u00e9 sup\u00e9rieures, des mat\u00e9riaux \u00e0 la finition. Nous construisons des maisons durables, \u00e9l\u00e9gantes et fiables.","breadcrumb":{"@id":"https:\/\/cfbholding.com\/fr\/quality-standards\/#breadcrumb"},"inLanguage":"fr-FR","potentialAction":[{"@type":"ReadAction","target":["https:\/\/cfbholding.com\/fr\/quality-standards\/"]}]},{"@type":"BreadcrumbList","@id":"https:\/\/cfbholding.com\/fr\/quality-standards\/#breadcrumb","itemListElement":[{"@type":"ListItem","position":1,"name":"Home","item":"https:\/\/cfbholding.com\/fr\/"},{"@type":"ListItem","position":2,"name":"Normes de Qualit\u00e9"}]},{"@type":"WebSite","@id":"https:\/\/cfbholding.com\/fr\/#website","url":"https:\/\/cfbholding.com\/fr\/","name":"CFB-Holding","description":"TRUTH - TRUST - TRANSPARENCY","publisher":{"@id":"https:\/\/cfbholding.com\/fr\/#organization"},"potentialAction":[{"@type":"SearchAction","target":{"@type":"EntryPoint","urlTemplate":"https:\/\/cfbholding.com\/fr\/?s={search_term_string}"},"query-input":{"@type":"PropertyValueSpecification","valueRequired":true,"valueName":"search_term_string"}}],"inLanguage":"fr-FR"},{"@type":"Organization","@id":"https:\/\/cfbholding.com\/fr\/#organization","name":"CFB-Holding Ltd","url":"https:\/\/cfbholding.com\/fr\/","logo":{"@type":"ImageObject","inLanguage":"fr-FR","@id":"https:\/\/cfbholding.com\/fr\/#\/schema\/logo\/image\/","url":"https:\/\/cfbholding.com\/wp-content\/uploads\/2025\/03\/logo.webp","contentUrl":"https:\/\/cfbholding.com\/wp-content\/uploads\/2025\/03\/logo.webp","width":336,"height":81,"caption":"CFB-Holding Ltd"},"image":{"@id":"https:\/\/cfbholding.com\/fr\/#\/schema\/logo\/image\/"},"sameAs":["https:\/\/www.facebook.com\/people\/CFB-Holding-Ltd\/61555691876999\/","https:\/\/x.com\/CfbHolding","https:\/\/www.linkedin.com\/company\/cfb-holding-ltd\/","https:\/\/www.instagram.com\/cfbholdingltd\/"]}]}},"_links":{"self":[{"href":"https:\/\/cfbholding.com\/fr\/wp-json\/wp\/v2\/pages\/1427","targetHints":{"allow":["GET"]}}],"collection":[{"href":"https:\/\/cfbholding.com\/fr\/wp-json\/wp\/v2\/pages"}],"about":[{"href":"https:\/\/cfbholding.com\/fr\/wp-json\/wp\/v2\/types\/page"}],"author":[{"embeddable":true,"href":"https:\/\/cfbholding.com\/fr\/wp-json\/wp\/v2\/users\/1"}],"replies":[{"embeddable":true,"href":"https:\/\/cfbholding.com\/fr\/wp-json\/wp\/v2\/comments?post=1427"}],"version-history":[{"count":4,"href":"https:\/\/cfbholding.com\/fr\/wp-json\/wp\/v2\/pages\/1427\/revisions"}],"predecessor-version":[{"id":4333,"href":"https:\/\/cfbholding.com\/fr\/wp-json\/wp\/v2\/pages\/1427\/revisions\/4333"}],"wp:attachment":[{"href":"https:\/\/cfbholding.com\/fr\/wp-json\/wp\/v2\/media?parent=1427"}],"curies":[{"name":"wp","href":"https:\/\/api.w.org\/{rel}","templated":true}]}}