{"id":804,"date":"2024-04-15T03:19:39","date_gmt":"2024-04-15T03:19:39","guid":{"rendered":"https:\/\/cfbholding.com\/home\/"},"modified":"2025-03-18T14:14:24","modified_gmt":"2025-03-18T14:14:24","slug":"home","status":"publish","type":"page","link":"https:\/\/cfbholding.com\/fr\/","title":{"rendered":"Accueil"},"content":{"rendered":"","protected":false},"excerpt":{"rendered":"","protected":false},"author":1,"featured_media":0,"parent":0,"menu_order":0,"comment_status":"closed","ping_status":"closed","template":"","meta":{"_acf_changed":false,"footnotes":""},"class_list":["post-804","page","type-page","status-publish","hentry"],"acf":[],"yoast_head":"<!-- This site is optimized with the Yoast SEO Premium plugin v27.2 (Yoast SEO v27.3) - https:\/\/yoast.com\/product\/yoast-seo-premium-wordpress\/ -->\n<title>Accueil - CFB-Holding<\/title>\n<meta name=\"description\" content=\"CFB Holding : Favoriser le progr\u00e8s \u00e9conomique et social durable au Cameroun gr\u00e2ce \u00e0 des investissements innovants dans l&#039;immobilier, l&#039;agriculture, l&#039;\u00e9ducation et bien plus encore. #CFBHolding #D\u00e9veloppementSocio\u00e9conomique #CroissanceCamerounaise #InitiativesPourLeProgr\u00e8s\" \/>\n<meta name=\"robots\" content=\"index, follow, max-snippet:-1, max-image-preview:large, max-video-preview:-1\" \/>\n<link rel=\"canonical\" href=\"https:\/\/cfbholding.com\/fr\/\" \/>\n<meta property=\"og:locale\" content=\"fr_FR\" \/>\n<meta property=\"og:type\" content=\"article\" \/>\n<meta property=\"og:title\" content=\"Accueil\" \/>\n<meta property=\"og:description\" content=\"CFB Holding : Favoriser le progr\u00e8s \u00e9conomique et social durable au Cameroun gr\u00e2ce \u00e0 des investissements innovants dans l&#039;immobilier, l&#039;agriculture, l&#039;\u00e9ducation et bien plus encore. #CFBHolding #D\u00e9veloppementSocio\u00e9conomique #CroissanceCamerounaise #InitiativesPourLeProgr\u00e8s\" \/>\n<meta property=\"og:url\" content=\"https:\/\/cfbholding.com\/fr\/\" \/>\n<meta property=\"og:site_name\" content=\"CFB-Holding\" \/>\n<meta property=\"article:publisher\" content=\"https:\/\/www.facebook.com\/people\/CFB-Holding-Ltd\/61555691876999\/\" \/>\n<meta property=\"article:modified_time\" content=\"2025-03-18T14:14:24+00:00\" \/>\n<meta name=\"twitter:card\" content=\"summary_large_image\" \/>\n<meta name=\"twitter:site\" content=\"@CfbHolding\" \/>\n<script type=\"application\/ld+json\" class=\"yoast-schema-graph\">{\"@context\":\"https:\\\/\\\/schema.org\",\"@graph\":[{\"@type\":\"WebPage\",\"@id\":\"https:\\\/\\\/cfbholding.com\\\/fr\\\/\",\"url\":\"https:\\\/\\\/cfbholding.com\\\/fr\\\/\",\"name\":\"Accueil - CFB-Holding\",\"isPartOf\":{\"@id\":\"https:\\\/\\\/cfbholding.com\\\/fr\\\/#website\"},\"datePublished\":\"2024-04-15T03:19:39+00:00\",\"dateModified\":\"2025-03-18T14:14:24+00:00\",\"description\":\"CFB Holding : Favoriser le progr\u00e8s \u00e9conomique et social durable au Cameroun gr\u00e2ce \u00e0 des investissements innovants dans l'immobilier, l'agriculture, l'\u00e9ducation et bien plus encore. #CFBHolding #D\u00e9veloppementSocio\u00e9conomique #CroissanceCamerounaise #InitiativesPourLeProgr\u00e8s\",\"breadcrumb\":{\"@id\":\"https:\\\/\\\/cfbholding.com\\\/fr\\\/#breadcrumb\"},\"inLanguage\":\"fr-FR\",\"potentialAction\":[{\"@type\":\"ReadAction\",\"target\":[\"https:\\\/\\\/cfbholding.com\\\/fr\\\/\"]}]},{\"@type\":\"BreadcrumbList\",\"@id\":\"https:\\\/\\\/cfbholding.com\\\/fr\\\/#breadcrumb\",\"itemListElement\":[{\"@type\":\"ListItem\",\"position\":1,\"name\":\"Home\",\"item\":\"https:\\\/\\\/cfbholding.com\\\/fr\\\/\"},{\"@type\":\"ListItem\",\"position\":2,\"name\":\"Accueil\"}]},{\"@type\":\"WebSite\",\"@id\":\"https:\\\/\\\/cfbholding.com\\\/fr\\\/#website\",\"url\":\"https:\\\/\\\/cfbholding.com\\\/fr\\\/\",\"name\":\"CFB-Holding\",\"description\":\"TRUTH - TRUST - TRANSPARENCY\",\"publisher\":{\"@id\":\"https:\\\/\\\/cfbholding.com\\\/fr\\\/#organization\"},\"potentialAction\":[{\"@type\":\"SearchAction\",\"target\":{\"@type\":\"EntryPoint\",\"urlTemplate\":\"https:\\\/\\\/cfbholding.com\\\/fr\\\/?s={search_term_string}\"},\"query-input\":{\"@type\":\"PropertyValueSpecification\",\"valueRequired\":true,\"valueName\":\"search_term_string\"}}],\"inLanguage\":\"fr-FR\"},{\"@type\":\"Organization\",\"@id\":\"https:\\\/\\\/cfbholding.com\\\/fr\\\/#organization\",\"name\":\"CFB-Holding Ltd\",\"url\":\"https:\\\/\\\/cfbholding.com\\\/fr\\\/\",\"logo\":{\"@type\":\"ImageObject\",\"inLanguage\":\"fr-FR\",\"@id\":\"https:\\\/\\\/cfbholding.com\\\/fr\\\/#\\\/schema\\\/logo\\\/image\\\/\",\"url\":\"https:\\\/\\\/cfbholding.com\\\/wp-content\\\/uploads\\\/2025\\\/03\\\/logo.webp\",\"contentUrl\":\"https:\\\/\\\/cfbholding.com\\\/wp-content\\\/uploads\\\/2025\\\/03\\\/logo.webp\",\"width\":336,\"height\":81,\"caption\":\"CFB-Holding Ltd\"},\"image\":{\"@id\":\"https:\\\/\\\/cfbholding.com\\\/fr\\\/#\\\/schema\\\/logo\\\/image\\\/\"},\"sameAs\":[\"https:\\\/\\\/www.facebook.com\\\/people\\\/CFB-Holding-Ltd\\\/61555691876999\\\/\",\"https:\\\/\\\/x.com\\\/CfbHolding\",\"https:\\\/\\\/www.linkedin.com\\\/company\\\/cfb-holding-ltd\\\/\",\"https:\\\/\\\/www.instagram.com\\\/cfbholdingltd\\\/\"]}]}<\/script>\n<!-- \/ Yoast SEO Premium plugin. -->","yoast_head_json":{"title":"Accueil - CFB-Holding","description":"CFB Holding : Favoriser le progr\u00e8s \u00e9conomique et social durable au Cameroun gr\u00e2ce \u00e0 des investissements innovants dans l'immobilier, l'agriculture, l'\u00e9ducation et bien plus encore. #CFBHolding #D\u00e9veloppementSocio\u00e9conomique #CroissanceCamerounaise #InitiativesPourLeProgr\u00e8s","robots":{"index":"index","follow":"follow","max-snippet":"max-snippet:-1","max-image-preview":"max-image-preview:large","max-video-preview":"max-video-preview:-1"},"canonical":"https:\/\/cfbholding.com\/fr\/","og_locale":"fr_FR","og_type":"article","og_title":"Accueil","og_description":"CFB Holding : Favoriser le progr\u00e8s \u00e9conomique et social durable au Cameroun gr\u00e2ce \u00e0 des investissements innovants dans l'immobilier, l'agriculture, l'\u00e9ducation et bien plus encore. #CFBHolding #D\u00e9veloppementSocio\u00e9conomique #CroissanceCamerounaise #InitiativesPourLeProgr\u00e8s","og_url":"https:\/\/cfbholding.com\/fr\/","og_site_name":"CFB-Holding","article_publisher":"https:\/\/www.facebook.com\/people\/CFB-Holding-Ltd\/61555691876999\/","article_modified_time":"2025-03-18T14:14:24+00:00","twitter_card":"summary_large_image","twitter_site":"@CfbHolding","schema":{"@context":"https:\/\/schema.org","@graph":[{"@type":"WebPage","@id":"https:\/\/cfbholding.com\/fr\/","url":"https:\/\/cfbholding.com\/fr\/","name":"Accueil - CFB-Holding","isPartOf":{"@id":"https:\/\/cfbholding.com\/fr\/#website"},"datePublished":"2024-04-15T03:19:39+00:00","dateModified":"2025-03-18T14:14:24+00:00","description":"CFB Holding : Favoriser le progr\u00e8s \u00e9conomique et social durable au Cameroun gr\u00e2ce \u00e0 des investissements innovants dans l'immobilier, l'agriculture, l'\u00e9ducation et bien plus encore. #CFBHolding #D\u00e9veloppementSocio\u00e9conomique #CroissanceCamerounaise #InitiativesPourLeProgr\u00e8s","breadcrumb":{"@id":"https:\/\/cfbholding.com\/fr\/#breadcrumb"},"inLanguage":"fr-FR","potentialAction":[{"@type":"ReadAction","target":["https:\/\/cfbholding.com\/fr\/"]}]},{"@type":"BreadcrumbList","@id":"https:\/\/cfbholding.com\/fr\/#breadcrumb","itemListElement":[{"@type":"ListItem","position":1,"name":"Home","item":"https:\/\/cfbholding.com\/fr\/"},{"@type":"ListItem","position":2,"name":"Accueil"}]},{"@type":"WebSite","@id":"https:\/\/cfbholding.com\/fr\/#website","url":"https:\/\/cfbholding.com\/fr\/","name":"CFB-Holding","description":"TRUTH - TRUST - TRANSPARENCY","publisher":{"@id":"https:\/\/cfbholding.com\/fr\/#organization"},"potentialAction":[{"@type":"SearchAction","target":{"@type":"EntryPoint","urlTemplate":"https:\/\/cfbholding.com\/fr\/?s={search_term_string}"},"query-input":{"@type":"PropertyValueSpecification","valueRequired":true,"valueName":"search_term_string"}}],"inLanguage":"fr-FR"},{"@type":"Organization","@id":"https:\/\/cfbholding.com\/fr\/#organization","name":"CFB-Holding Ltd","url":"https:\/\/cfbholding.com\/fr\/","logo":{"@type":"ImageObject","inLanguage":"fr-FR","@id":"https:\/\/cfbholding.com\/fr\/#\/schema\/logo\/image\/","url":"https:\/\/cfbholding.com\/wp-content\/uploads\/2025\/03\/logo.webp","contentUrl":"https:\/\/cfbholding.com\/wp-content\/uploads\/2025\/03\/logo.webp","width":336,"height":81,"caption":"CFB-Holding Ltd"},"image":{"@id":"https:\/\/cfbholding.com\/fr\/#\/schema\/logo\/image\/"},"sameAs":["https:\/\/www.facebook.com\/people\/CFB-Holding-Ltd\/61555691876999\/","https:\/\/x.com\/CfbHolding","https:\/\/www.linkedin.com\/company\/cfb-holding-ltd\/","https:\/\/www.instagram.com\/cfbholdingltd\/"]}]}},"_links":{"self":[{"href":"https:\/\/cfbholding.com\/fr\/wp-json\/wp\/v2\/pages\/804","targetHints":{"allow":["GET"]}}],"collection":[{"href":"https:\/\/cfbholding.com\/fr\/wp-json\/wp\/v2\/pages"}],"about":[{"href":"https:\/\/cfbholding.com\/fr\/wp-json\/wp\/v2\/types\/page"}],"author":[{"embeddable":true,"href":"https:\/\/cfbholding.com\/fr\/wp-json\/wp\/v2\/users\/1"}],"replies":[{"embeddable":true,"href":"https:\/\/cfbholding.com\/fr\/wp-json\/wp\/v2\/comments?post=804"}],"version-history":[{"count":17,"href":"https:\/\/cfbholding.com\/fr\/wp-json\/wp\/v2\/pages\/804\/revisions"}],"predecessor-version":[{"id":3715,"href":"https:\/\/cfbholding.com\/fr\/wp-json\/wp\/v2\/pages\/804\/revisions\/3715"}],"wp:attachment":[{"href":"https:\/\/cfbholding.com\/fr\/wp-json\/wp\/v2\/media?parent=804"}],"curies":[{"name":"wp","href":"https:\/\/api.w.org\/{rel}","templated":true}]}}